{"id":2071,"date":"2019-10-15T10:31:49","date_gmt":"2019-10-15T08:31:49","guid":{"rendered":"http:\/\/improviseadaptcook.com\/?page_id=1461"},"modified":"2023-02-26T06:16:44","modified_gmt":"2023-02-26T04:16:44","slug":"uber-mich","status":"publish","type":"page","link":"https:\/\/improviseadaptcook.com\/?page_id=2071","title":{"rendered":"\u00dcBER MICH"},"content":{"rendered":"\n<figure class=\"wp-block-image size-large\"><img decoding=\"async\" src=\"https:\/\/improviseadaptcook.com\/wp-content\/uploads\/2020\/01\/2BF65992-6F7B-473F-84C1-E546269E522C-1024x683.jpeg\" alt=\"\" class=\"wp-image-1785\"\/><\/figure>\n\n\n\n<p>Willkommen auf meiner Website, die meinen Rezepten gewidmet ist.<\/p>\n\n\n\n<p>Mein Name ist Lisa. Ich bin 27 Jahre alt und lebe seit 14 Jahren in Deutschland. Urspr\u00fcnglich komme ich aus der Ukraine. Kochen ist f\u00fcr mich mehr als nur ein Hobby geworden. Es ist meine Leidenschaft \ud83d\ude00 <\/p>\n\n\n\n<p>Fotos zu Rezepten, die auf der Website gesammelt wurden, geh\u00f6ren mir ganz. Die Rezepte habe ich im Internet, im B\u00fccher, auf der Stra\u00dfen, bei Gro\u00dfm\u00fctter und M\u00fctter gefunden und dann habe ich sie auf meine eigene Weise ge\u00e4ndert. Sie k\u00f6nnen meine Rezepte sehr gerne teilen! <\/p>\n\n\n\n<p>Wenn du einen bestimmten Rezept auf diese Website sehen m\u00f6chtest, schreibe mir einfach <a href=\"https:\/\/improviseadaptcook.com\/de\/d0-ba-d0-be-d0-bd-d1-82-d0-d0-d0-ba-d1-82\/\"><strong>hier<\/strong><\/a>.<\/p>\n\n\n\n<p class=\"has-text-align-center\">Website wurde am<strong> 2 Mai 2019<\/strong> erstellt.<br><\/p>\n","protected":false},"excerpt":{"rendered":"<p>Willkommen auf meiner Website, die meinen Rezepten gewidmet ist. Mein Name ist Lisa. Ich bin 27 Jahre alt und lebe seit 14 Jahren in Deutschland. Urspr\u00fcnglich komme ich aus der Ukraine. Kochen ist f\u00fcr mich mehr als nur ein Hobby geworden. Es ist meine Leidenschaft \ud83d\ude00 Fotos zu Rezepten, die auf der Website gesammelt wurden,<\/p>\n","protected":false},"author":1,"featured_media":0,"parent":0,"menu_order":0,"comment_status":"closed","ping_status":"closed","template":"","meta":{"_lmt_disableupdate":"","_lmt_disable":"","footnotes":""},"class_list":["post-2071","page","type-page","status-publish","hentry"],"yoast_head":"<!-- This site is optimized with the Yoast SEO plugin v27.2 - https:\/\/yoast.com\/product\/yoast-seo-wordpress\/ -->\n<title>\u00dcBER MICH - IMPROVISE. ADAPT. COOK.<\/title>\n<meta name=\"robots\" content=\"index, follow, max-snippet:-1, max-image-preview:large, max-video-preview:-1\" \/>\n<link rel=\"canonical\" href=\"https:\/\/improviseadaptcook.com\/?page_id=2071\" \/>\n<meta property=\"og:locale\" content=\"de_DE\" \/>\n<meta property=\"og:type\" content=\"article\" \/>\n<meta property=\"og:title\" content=\"\u00dcBER MICH - IMPROVISE. ADAPT. COOK.\" \/>\n<meta property=\"og:description\" content=\"Willkommen auf meiner Website, die meinen Rezepten gewidmet ist. Mein Name ist Lisa. Ich bin 27 Jahre alt und lebe seit 14 Jahren in Deutschland. Urspr\u00fcnglich komme ich aus der Ukraine. Kochen ist f\u00fcr mich mehr als nur ein Hobby geworden. Es ist meine Leidenschaft \ud83d\ude00 Fotos zu Rezepten, die auf der Website gesammelt wurden,\" \/>\n<meta property=\"og:url\" content=\"https:\/\/improviseadaptcook.com\/?page_id=2071\" \/>\n<meta property=\"og:site_name\" content=\"IMPROVISE. ADAPT. COOK.\" \/>\n<meta property=\"article:modified_time\" content=\"2023-02-26T04:16:44+00:00\" \/>\n<meta property=\"og:image\" content=\"http:\/\/improviseadaptcook.com\/wp-content\/uploads\/2020\/01\/2BF65992-6F7B-473F-84C1-E546269E522C-1024x683.jpeg\" \/>\n<meta name=\"twitter:card\" content=\"summary_large_image\" \/>\n<meta name=\"twitter:label1\" content=\"Gesch\u00e4tzte Lesezeit\" \/>\n\t<meta name=\"twitter:data1\" content=\"1\u00a0Minute\" \/>\n<script type=\"application\/ld+json\" class=\"yoast-schema-graph\">{\"@context\":\"https:\/\/schema.org\",\"@graph\":[{\"@type\":\"WebPage\",\"@id\":\"https:\/\/improviseadaptcook.com\/?page_id=2071\",\"url\":\"https:\/\/improviseadaptcook.com\/?page_id=2071\",\"name\":\"\u00dcBER MICH - IMPROVISE. ADAPT. COOK.\",\"isPartOf\":{\"@id\":\"https:\/\/improviseadaptcook.com\/#website\"},\"primaryImageOfPage\":{\"@id\":\"https:\/\/improviseadaptcook.com\/?page_id=2071#primaryimage\"},\"image\":{\"@id\":\"https:\/\/improviseadaptcook.com\/?page_id=2071#primaryimage\"},\"thumbnailUrl\":\"http:\/\/improviseadaptcook.com\/wp-content\/uploads\/2020\/01\/2BF65992-6F7B-473F-84C1-E546269E522C-1024x683.jpeg\",\"datePublished\":\"2019-10-15T08:31:49+00:00\",\"dateModified\":\"2023-02-26T04:16:44+00:00\",\"breadcrumb\":{\"@id\":\"https:\/\/improviseadaptcook.com\/?page_id=2071#breadcrumb\"},\"inLanguage\":\"de\",\"potentialAction\":[{\"@type\":\"ReadAction\",\"target\":[\"https:\/\/improviseadaptcook.com\/?page_id=2071\"]}]},{\"@type\":\"ImageObject\",\"inLanguage\":\"de\",\"@id\":\"https:\/\/improviseadaptcook.com\/?page_id=2071#primaryimage\",\"url\":\"http:\/\/improviseadaptcook.com\/wp-content\/uploads\/2020\/01\/2BF65992-6F7B-473F-84C1-E546269E522C-1024x683.jpeg\",\"contentUrl\":\"http:\/\/improviseadaptcook.com\/wp-content\/uploads\/2020\/01\/2BF65992-6F7B-473F-84C1-E546269E522C-1024x683.jpeg\"},{\"@type\":\"BreadcrumbList\",\"@id\":\"https:\/\/improviseadaptcook.com\/?page_id=2071#breadcrumb\",\"itemListElement\":[{\"@type\":\"ListItem\",\"position\":1,\"name\":\"Home\",\"item\":\"https:\/\/improviseadaptcook.com\/\"},{\"@type\":\"ListItem\",\"position\":2,\"name\":\"\u00dcBER MICH\"}]},{\"@type\":\"WebSite\",\"@id\":\"https:\/\/improviseadaptcook.com\/#website\",\"url\":\"https:\/\/improviseadaptcook.com\/\",\"name\":\"IMPROVISE. ADAPT. COOK.\",\"description\":\"Cooles Foodblog \",\"publisher\":{\"@id\":\"https:\/\/improviseadaptcook.com\/#\/schema\/person\/0fae4daeb507e5b73825596ac29b95d6\"},\"potentialAction\":[{\"@type\":\"SearchAction\",\"target\":{\"@type\":\"EntryPoint\",\"urlTemplate\":\"https:\/\/improviseadaptcook.com\/?s={search_term_string}\"},\"query-input\":{\"@type\":\"PropertyValueSpecification\",\"valueRequired\":true,\"valueName\":\"search_term_string\"}}],\"inLanguage\":\"de\"},{\"@type\":[\"Person\",\"Organization\"],\"@id\":\"https:\/\/improviseadaptcook.com\/#\/schema\/person\/0fae4daeb507e5b73825596ac29b95d6\",\"name\":\"Elisabeth\",\"image\":{\"@type\":\"ImageObject\",\"inLanguage\":\"de\",\"@id\":\"https:\/\/secure.gravatar.com\/avatar\/6df2dfa7923c2b33d80a900504a364cc6b4de2b813c686447dfbeccb2f74e657?s=96&d=retro&r=g\",\"url\":\"https:\/\/secure.gravatar.com\/avatar\/6df2dfa7923c2b33d80a900504a364cc6b4de2b813c686447dfbeccb2f74e657?s=96&d=retro&r=g\",\"contentUrl\":\"https:\/\/secure.gravatar.com\/avatar\/6df2dfa7923c2b33d80a900504a364cc6b4de2b813c686447dfbeccb2f74e657?s=96&d=retro&r=g\",\"caption\":\"Elisabeth\"},\"logo\":{\"@id\":\"https:\/\/secure.gravatar.com\/avatar\/6df2dfa7923c2b33d80a900504a364cc6b4de2b813c686447dfbeccb2f74e657?s=96&d=retro&r=g\"}}]}<\/script>\n<!-- \/ Yoast SEO plugin. -->","yoast_head_json":{"title":"\u00dcBER MICH - IMPROVISE. ADAPT. COOK.","robots":{"index":"index","follow":"follow","max-snippet":"max-snippet:-1","max-image-preview":"max-image-preview:large","max-video-preview":"max-video-preview:-1"},"canonical":"https:\/\/improviseadaptcook.com\/?page_id=2071","og_locale":"de_DE","og_type":"article","og_title":"\u00dcBER MICH - IMPROVISE. ADAPT. COOK.","og_description":"Willkommen auf meiner Website, die meinen Rezepten gewidmet ist. Mein Name ist Lisa. Ich bin 27 Jahre alt und lebe seit 14 Jahren in Deutschland. Urspr\u00fcnglich komme ich aus der Ukraine. Kochen ist f\u00fcr mich mehr als nur ein Hobby geworden. Es ist meine Leidenschaft \ud83d\ude00 Fotos zu Rezepten, die auf der Website gesammelt wurden,","og_url":"https:\/\/improviseadaptcook.com\/?page_id=2071","og_site_name":"IMPROVISE. ADAPT. COOK.","article_modified_time":"2023-02-26T04:16:44+00:00","og_image":[{"url":"http:\/\/improviseadaptcook.com\/wp-content\/uploads\/2020\/01\/2BF65992-6F7B-473F-84C1-E546269E522C-1024x683.jpeg","type":"","width":"","height":""}],"twitter_card":"summary_large_image","twitter_misc":{"Gesch\u00e4tzte Lesezeit":"1\u00a0Minute"},"schema":{"@context":"https:\/\/schema.org","@graph":[{"@type":"WebPage","@id":"https:\/\/improviseadaptcook.com\/?page_id=2071","url":"https:\/\/improviseadaptcook.com\/?page_id=2071","name":"\u00dcBER MICH - IMPROVISE. ADAPT. COOK.","isPartOf":{"@id":"https:\/\/improviseadaptcook.com\/#website"},"primaryImageOfPage":{"@id":"https:\/\/improviseadaptcook.com\/?page_id=2071#primaryimage"},"image":{"@id":"https:\/\/improviseadaptcook.com\/?page_id=2071#primaryimage"},"thumbnailUrl":"http:\/\/improviseadaptcook.com\/wp-content\/uploads\/2020\/01\/2BF65992-6F7B-473F-84C1-E546269E522C-1024x683.jpeg","datePublished":"2019-10-15T08:31:49+00:00","dateModified":"2023-02-26T04:16:44+00:00","breadcrumb":{"@id":"https:\/\/improviseadaptcook.com\/?page_id=2071#breadcrumb"},"inLanguage":"de","potentialAction":[{"@type":"ReadAction","target":["https:\/\/improviseadaptcook.com\/?page_id=2071"]}]},{"@type":"ImageObject","inLanguage":"de","@id":"https:\/\/improviseadaptcook.com\/?page_id=2071#primaryimage","url":"http:\/\/improviseadaptcook.com\/wp-content\/uploads\/2020\/01\/2BF65992-6F7B-473F-84C1-E546269E522C-1024x683.jpeg","contentUrl":"http:\/\/improviseadaptcook.com\/wp-content\/uploads\/2020\/01\/2BF65992-6F7B-473F-84C1-E546269E522C-1024x683.jpeg"},{"@type":"BreadcrumbList","@id":"https:\/\/improviseadaptcook.com\/?page_id=2071#breadcrumb","itemListElement":[{"@type":"ListItem","position":1,"name":"Home","item":"https:\/\/improviseadaptcook.com\/"},{"@type":"ListItem","position":2,"name":"\u00dcBER MICH"}]},{"@type":"WebSite","@id":"https:\/\/improviseadaptcook.com\/#website","url":"https:\/\/improviseadaptcook.com\/","name":"IMPROVISE. ADAPT. COOK.","description":"Cooles Foodblog ","publisher":{"@id":"https:\/\/improviseadaptcook.com\/#\/schema\/person\/0fae4daeb507e5b73825596ac29b95d6"},"potentialAction":[{"@type":"SearchAction","target":{"@type":"EntryPoint","urlTemplate":"https:\/\/improviseadaptcook.com\/?s={search_term_string}"},"query-input":{"@type":"PropertyValueSpecification","valueRequired":true,"valueName":"search_term_string"}}],"inLanguage":"de"},{"@type":["Person","Organization"],"@id":"https:\/\/improviseadaptcook.com\/#\/schema\/person\/0fae4daeb507e5b73825596ac29b95d6","name":"Elisabeth","image":{"@type":"ImageObject","inLanguage":"de","@id":"https:\/\/secure.gravatar.com\/avatar\/6df2dfa7923c2b33d80a900504a364cc6b4de2b813c686447dfbeccb2f74e657?s=96&d=retro&r=g","url":"https:\/\/secure.gravatar.com\/avatar\/6df2dfa7923c2b33d80a900504a364cc6b4de2b813c686447dfbeccb2f74e657?s=96&d=retro&r=g","contentUrl":"https:\/\/secure.gravatar.com\/avatar\/6df2dfa7923c2b33d80a900504a364cc6b4de2b813c686447dfbeccb2f74e657?s=96&d=retro&r=g","caption":"Elisabeth"},"logo":{"@id":"https:\/\/secure.gravatar.com\/avatar\/6df2dfa7923c2b33d80a900504a364cc6b4de2b813c686447dfbeccb2f74e657?s=96&d=retro&r=g"}}]}},"_links":{"self":[{"href":"https:\/\/improviseadaptcook.com\/index.php?rest_route=\/wp\/v2\/pages\/2071","targetHints":{"allow":["GET"]}}],"collection":[{"href":"https:\/\/improviseadaptcook.com\/index.php?rest_route=\/wp\/v2\/pages"}],"about":[{"href":"https:\/\/improviseadaptcook.com\/index.php?rest_route=\/wp\/v2\/types\/page"}],"author":[{"embeddable":true,"href":"https:\/\/improviseadaptcook.com\/index.php?rest_route=\/wp\/v2\/users\/1"}],"replies":[{"embeddable":true,"href":"https:\/\/improviseadaptcook.com\/index.php?rest_route=%2Fwp%2Fv2%2Fcomments&post=2071"}],"version-history":[{"count":0,"href":"https:\/\/improviseadaptcook.com\/index.php?rest_route=\/wp\/v2\/pages\/2071\/revisions"}],"wp:attachment":[{"href":"https:\/\/improviseadaptcook.com\/index.php?rest_route=%2Fwp%2Fv2%2Fmedia&parent=2071"}],"curies":[{"name":"wp","href":"https:\/\/api.w.org\/{rel}","templated":true}]}}